{"id":264,"date":"2021-12-02T16:41:50","date_gmt":"2021-12-02T15:41:50","guid":{"rendered":"https:\/\/wp.limousin-zucht-mathys.ch\/?page_id=264"},"modified":"2024-11-18T12:04:52","modified_gmt":"2024-11-18T11:04:52","slug":"homoeopathie","status":"publish","type":"page","link":"https:\/\/limousin-zucht-mathys.ch\/?page_id=264","title":{"rendered":"Hom\u00f6opathie"},"content":{"rendered":"\t\t<div data-elementor-type=\"wp-page\" data-elementor-id=\"264\" class=\"elementor elementor-264\">\n\t\t\t\t\t\t\t\t\t<section class=\"elementor-section elementor-top-section elementor-element elementor-element-6404e3a elementor-section-boxed elementor-section-height-default elementor-section-height-default\" data-id=\"6404e3a\" data-element_type=\"section\">\n\t\t\t\t\t\t<div class=\"elementor-container elementor-column-gap-default\">\n\t\t\t\t\t<div class=\"elementor-column elementor-col-100 elementor-top-column elementor-element elementor-element-f02cef2\" data-id=\"f02cef2\" data-element_type=\"column\">\n\t\t\t<div class=\"elementor-widget-wrap elementor-element-populated\">\n\t\t\t\t\t\t\t\t<section class=\"elementor-section elementor-inner-section elementor-element elementor-element-acee567 elementor-section-boxed elementor-section-height-default elementor-section-height-default\" data-id=\"acee567\" data-element_type=\"section\">\n\t\t\t\t\t\t<div class=\"elementor-container elementor-column-gap-default\">\n\t\t\t\t\t<div class=\"elementor-column elementor-col-100 elementor-inner-column elementor-element elementor-element-aa99374\" data-id=\"aa99374\" data-element_type=\"column\">\n\t\t\t<div class=\"elementor-widget-wrap elementor-element-populated\">\n\t\t\t\t\t\t\t\t<div class=\"elementor-element elementor-element-4c4c048 elementor-widget elementor-widget-text-editor\" data-id=\"4c4c048\" data-element_type=\"widget\" data-widget_type=\"text-editor.default\">\n\t\t\t\t<div class=\"elementor-widget-container\">\n\t\t\t<style>\/*! elementor - v3.6.5 - 27-04-2022 *\/\n.elementor-widget-text-editor.elementor-drop-cap-view-stacked .elementor-drop-cap{background-color:#818a91;color:#fff}.elementor-widget-text-editor.elementor-drop-cap-view-framed .elementor-drop-cap{color:#818a91;border:3px solid;background-color:transparent}.elementor-widget-text-editor:not(.elementor-drop-cap-view-default) .elementor-drop-cap{margin-top:8px}.elementor-widget-text-editor:not(.elementor-drop-cap-view-default) .elementor-drop-cap-letter{width:1em;height:1em}.elementor-widget-text-editor .elementor-drop-cap{float:left;text-align:center;line-height:1;font-size:50px}.elementor-widget-text-editor .elementor-drop-cap-letter{display:inline-block}<\/style>\t\t\t\t<h3 style=\"text-align: center;\"><span style=\"color: #000000;\"><strong><span class=\"palette-color4-4\">Hom\u00f6opathie<\/span><\/strong><\/span><\/h3><p><span class=\"palette-color4-4\" style=\"color: #000000;\"> <img loading=\"lazy\" decoding=\"async\" class=\"alignnone size-full wp-image-361 aligncenter\" src=\"https:\/\/limousin-zucht-mathys.ch\/wp-content\/uploads\/2021\/12\/homoepathie.jpg\" alt=\"\" width=\"720\" height=\"421\" srcset=\"https:\/\/limousin-zucht-mathys.ch\/wp-content\/uploads\/2021\/12\/homoepathie.jpg 720w, https:\/\/limousin-zucht-mathys.ch\/wp-content\/uploads\/2021\/12\/homoepathie-300x175.jpg 300w\" sizes=\"auto, (max-width: 720px) 100vw, 720px\" \/><\/span><\/p><p style=\"text-align: center;\"><span style=\"color: #000000;\"><strong><span class=\"palette-color4-4\">Beratungen bei<\/span><\/strong><\/span><span style=\"color: #000000;\">&#8211; Rindergrippe (auch prophylaktisch)<\/span><\/p><p style=\"text-align: center;\"><span style=\"color: #000000;\"><strong><span class=\"palette-color4-4\">\u00a0Problemen mit:<\/span><\/strong><\/span><\/p><p style=\"text-align: center;\"><span style=\"color: #000000;\"><span class=\"palette-color4-4\">&#8211; Erdbeerkrankheit (Mortellaro)<\/span><\/span><\/p><p style=\"text-align: center;\"><span class=\"palette-color4-4\" style=\"color: #000000;\">&#8211; Paratuberkulose<\/span><\/p><p style=\"text-align: center;\"><span class=\"palette-color4-4\" style=\"color: #000000;\">&#8211; Botulismus<\/span><\/p><p style=\"text-align: center;\"><span class=\"palette-color4-4\" style=\"color: #000000;\">&#8211; Stiere mit schlechter Spermaqualit\u00e4t<\/span><\/p><p style=\"text-align: center;\"><span class=\"palette-color4-4\" style=\"color: #000000;\">&#8211; Fruchtbarkeitsprobleme<\/span><\/p><p style=\"text-align: center;\"><span class=\"palette-color4-4\" style=\"color: #000000;\">&#8211; Gelenkentz\u00fcndungen<\/span><\/p><p style=\"text-align: center;\"><span class=\"palette-color4-4\" style=\"color: #000000;\">&#8211; Fr\u00fchdurchfall bei K\u00e4lber<\/span><\/p><p style=\"text-align: center;\"><span class=\"palette-color4-4\" style=\"color: #000000;\">&#8211; Parasiten (Kurzrasenweide)<\/span><\/p><p style=\"text-align: center;\"><span class=\"palette-color4-4\" style=\"color: #000000;\">&#8211; Bei drohendem Abort<\/span><\/p><p style=\"text-align: center;\"><span class=\"palette-color4-4\" style=\"color: #000000;\">&#8211; K\u00e4lberkrankheiten<\/span><\/p><p style=\"text-align: center;\"><span class=\"palette-color4-4\" style=\"color: #000000;\">&#8211; Zunge, rollen, schlagen<\/span><\/p><p style=\"text-align: center;\"><span style=\"color: #000000;\"><span class=\"palette-color4-4\">\u00a0<\/span>Und allgemeinen Fragen zur Hom\u00f6opathie<\/span><\/p><p style=\"text-align: center;\"><span style=\"color: #000000;\">Gerne berate ich Sie telefonisch oder vor Ort.<\/span><\/p><p style=\"text-align: center;\"><span style=\"color: #000000;\">Abrechnung nach Zeitaufwand.<\/span><\/p><p style=\"text-align: center;\"><span style=\"color: #000000;\">Hansueli: 032 631 27 48 \/ 079 853 25 29<\/span><\/p>\t\t\t\t\t\t<\/div>\n\t\t\t\t<\/div>\n\t\t\t\t\t<\/div>\n\t\t<\/div>\n\t\t\t\t\t\t\t<\/div>\n\t\t<\/section>\n\t\t\t\t\t<\/div>\n\t\t<\/div>\n\t\t\t\t\t\t\t<\/div>\n\t\t<\/section>\n\t\t\t\t\t\t\t<\/div>\n\t\t","protected":false},"excerpt":{"rendered":"<p>Hom\u00f6opathie Beratungen bei&#8211; Rindergrippe (auch prophylaktisch) \u00a0Problemen mit: &#8211; Erdbeerkrankheit (Mortellaro) &#8211; Paratuberkulose &#8211; Botulismus &#8211; Stiere mit schlechter Spermaqualit\u00e4t &#8211; Fruchtbarkeitsprobleme &#8211; Gelenkentz\u00fcndungen &#8211; Fr\u00fchdurchfall bei K\u00e4lber &#8211; Parasiten (Kurzrasenweide) &#8211; Bei drohendem Abort &#8211; K\u00e4lberkrankheiten &#8211; Zunge, rollen, schlagen \u00a0Und allgemeinen Fragen zur Hom\u00f6opathie Gerne berate ich Sie telefonisch oder vor Ort. Abrechnung&hellip;<\/p>\n","protected":false},"author":1,"featured_media":0,"parent":0,"menu_order":0,"comment_status":"closed","ping_status":"closed","template":"elementor_header_footer","meta":{"footnotes":""},"class_list":["post-264","page","type-page","status-publish","hentry"],"yoast_head":"<!-- This site is optimized with the Yoast SEO plugin v27.4 - https:\/\/yoast.com\/product\/yoast-seo-wordpress\/ -->\n<title>Hom\u00f6opathie - Limousin Zucht Mathys<\/title>\n<meta name=\"robots\" content=\"index, follow, max-snippet:-1, max-image-preview:large, max-video-preview:-1\" \/>\n<link rel=\"canonical\" href=\"https:\/\/limousin-zucht-mathys.ch\/?page_id=264\" \/>\n<meta property=\"og:locale\" content=\"de_DE\" \/>\n<meta property=\"og:type\" content=\"article\" \/>\n<meta property=\"og:title\" content=\"Hom\u00f6opathie - Limousin Zucht Mathys\" \/>\n<meta property=\"og:description\" content=\"Hom\u00f6opathie Beratungen bei&#8211; Rindergrippe (auch prophylaktisch) \u00a0Problemen mit: &#8211; Erdbeerkrankheit (Mortellaro) &#8211; Paratuberkulose &#8211; Botulismus &#8211; Stiere mit schlechter Spermaqualit\u00e4t &#8211; Fruchtbarkeitsprobleme &#8211; Gelenkentz\u00fcndungen &#8211; Fr\u00fchdurchfall bei K\u00e4lber &#8211; Parasiten (Kurzrasenweide) &#8211; Bei drohendem Abort &#8211; K\u00e4lberkrankheiten &#8211; Zunge, rollen, schlagen \u00a0Und allgemeinen Fragen zur Hom\u00f6opathie Gerne berate ich Sie telefonisch oder vor Ort. Abrechnung&hellip;\" \/>\n<meta property=\"og:url\" content=\"https:\/\/limousin-zucht-mathys.ch\/?page_id=264\" \/>\n<meta property=\"og:site_name\" content=\"Limousin Zucht Mathys\" \/>\n<meta property=\"article:modified_time\" content=\"2024-11-18T11:04:52+00:00\" \/>\n<meta property=\"og:image\" content=\"https:\/\/limousin-zucht-mathys.ch\/wp-content\/uploads\/2021\/12\/homoepathie.jpg\" \/>\n\t<meta property=\"og:image:width\" content=\"720\" \/>\n\t<meta property=\"og:image:height\" content=\"421\" \/>\n\t<meta property=\"og:image:type\" content=\"image\/jpeg\" \/>\n<meta name=\"twitter:card\" content=\"summary_large_image\" \/>\n<meta name=\"twitter:label1\" content=\"Gesch\u00e4tzte Lesezeit\" \/>\n\t<meta name=\"twitter:data1\" content=\"1\u00a0Minute\" \/>\n<script type=\"application\/ld+json\" class=\"yoast-schema-graph\">{\"@context\":\"https:\\\/\\\/schema.org\",\"@graph\":[{\"@type\":\"WebPage\",\"@id\":\"https:\\\/\\\/limousin-zucht-mathys.ch\\\/?page_id=264\",\"url\":\"https:\\\/\\\/limousin-zucht-mathys.ch\\\/?page_id=264\",\"name\":\"Hom\u00f6opathie - Limousin Zucht Mathys\",\"isPartOf\":{\"@id\":\"https:\\\/\\\/limousin-zucht-mathys.ch\\\/#website\"},\"primaryImageOfPage\":{\"@id\":\"https:\\\/\\\/limousin-zucht-mathys.ch\\\/?page_id=264#primaryimage\"},\"image\":{\"@id\":\"https:\\\/\\\/limousin-zucht-mathys.ch\\\/?page_id=264#primaryimage\"},\"thumbnailUrl\":\"https:\\\/\\\/limousin-zucht-mathys.ch\\\/wp-content\\\/uploads\\\/2021\\\/12\\\/homoepathie.jpg\",\"datePublished\":\"2021-12-02T15:41:50+00:00\",\"dateModified\":\"2024-11-18T11:04:52+00:00\",\"breadcrumb\":{\"@id\":\"https:\\\/\\\/limousin-zucht-mathys.ch\\\/?page_id=264#breadcrumb\"},\"inLanguage\":\"de-CH\",\"potentialAction\":[{\"@type\":\"ReadAction\",\"target\":[\"https:\\\/\\\/limousin-zucht-mathys.ch\\\/?page_id=264\"]}]},{\"@type\":\"ImageObject\",\"inLanguage\":\"de-CH\",\"@id\":\"https:\\\/\\\/limousin-zucht-mathys.ch\\\/?page_id=264#primaryimage\",\"url\":\"https:\\\/\\\/limousin-zucht-mathys.ch\\\/wp-content\\\/uploads\\\/2021\\\/12\\\/homoepathie.jpg\",\"contentUrl\":\"https:\\\/\\\/limousin-zucht-mathys.ch\\\/wp-content\\\/uploads\\\/2021\\\/12\\\/homoepathie.jpg\",\"width\":720,\"height\":421},{\"@type\":\"BreadcrumbList\",\"@id\":\"https:\\\/\\\/limousin-zucht-mathys.ch\\\/?page_id=264#breadcrumb\",\"itemListElement\":[{\"@type\":\"ListItem\",\"position\":1,\"name\":\"Startseite\",\"item\":\"https:\\\/\\\/limousin-zucht-mathys.ch\\\/\"},{\"@type\":\"ListItem\",\"position\":2,\"name\":\"Hom\u00f6opathie\"}]},{\"@type\":\"WebSite\",\"@id\":\"https:\\\/\\\/limousin-zucht-mathys.ch\\\/#website\",\"url\":\"https:\\\/\\\/limousin-zucht-mathys.ch\\\/\",\"name\":\"Limousin Zucht Mathys\",\"description\":\"\",\"potentialAction\":[{\"@type\":\"SearchAction\",\"target\":{\"@type\":\"EntryPoint\",\"urlTemplate\":\"https:\\\/\\\/limousin-zucht-mathys.ch\\\/?s={search_term_string}\"},\"query-input\":{\"@type\":\"PropertyValueSpecification\",\"valueRequired\":true,\"valueName\":\"search_term_string\"}}],\"inLanguage\":\"de-CH\"}]}<\/script>\n<!-- \/ Yoast SEO plugin. -->","yoast_head_json":{"title":"Hom\u00f6opathie - Limousin Zucht Mathys","robots":{"index":"index","follow":"follow","max-snippet":"max-snippet:-1","max-image-preview":"max-image-preview:large","max-video-preview":"max-video-preview:-1"},"canonical":"https:\/\/limousin-zucht-mathys.ch\/?page_id=264","og_locale":"de_DE","og_type":"article","og_title":"Hom\u00f6opathie - Limousin Zucht Mathys","og_description":"Hom\u00f6opathie Beratungen bei&#8211; Rindergrippe (auch prophylaktisch) \u00a0Problemen mit: &#8211; Erdbeerkrankheit (Mortellaro) &#8211; Paratuberkulose &#8211; Botulismus &#8211; Stiere mit schlechter Spermaqualit\u00e4t &#8211; Fruchtbarkeitsprobleme &#8211; Gelenkentz\u00fcndungen &#8211; Fr\u00fchdurchfall bei K\u00e4lber &#8211; Parasiten (Kurzrasenweide) &#8211; Bei drohendem Abort &#8211; K\u00e4lberkrankheiten &#8211; Zunge, rollen, schlagen \u00a0Und allgemeinen Fragen zur Hom\u00f6opathie Gerne berate ich Sie telefonisch oder vor Ort. Abrechnung&hellip;","og_url":"https:\/\/limousin-zucht-mathys.ch\/?page_id=264","og_site_name":"Limousin Zucht Mathys","article_modified_time":"2024-11-18T11:04:52+00:00","og_image":[{"width":720,"height":421,"url":"https:\/\/limousin-zucht-mathys.ch\/wp-content\/uploads\/2021\/12\/homoepathie.jpg","type":"image\/jpeg"}],"twitter_card":"summary_large_image","twitter_misc":{"Gesch\u00e4tzte Lesezeit":"1\u00a0Minute"},"schema":{"@context":"https:\/\/schema.org","@graph":[{"@type":"WebPage","@id":"https:\/\/limousin-zucht-mathys.ch\/?page_id=264","url":"https:\/\/limousin-zucht-mathys.ch\/?page_id=264","name":"Hom\u00f6opathie - Limousin Zucht Mathys","isPartOf":{"@id":"https:\/\/limousin-zucht-mathys.ch\/#website"},"primaryImageOfPage":{"@id":"https:\/\/limousin-zucht-mathys.ch\/?page_id=264#primaryimage"},"image":{"@id":"https:\/\/limousin-zucht-mathys.ch\/?page_id=264#primaryimage"},"thumbnailUrl":"https:\/\/limousin-zucht-mathys.ch\/wp-content\/uploads\/2021\/12\/homoepathie.jpg","datePublished":"2021-12-02T15:41:50+00:00","dateModified":"2024-11-18T11:04:52+00:00","breadcrumb":{"@id":"https:\/\/limousin-zucht-mathys.ch\/?page_id=264#breadcrumb"},"inLanguage":"de-CH","potentialAction":[{"@type":"ReadAction","target":["https:\/\/limousin-zucht-mathys.ch\/?page_id=264"]}]},{"@type":"ImageObject","inLanguage":"de-CH","@id":"https:\/\/limousin-zucht-mathys.ch\/?page_id=264#primaryimage","url":"https:\/\/limousin-zucht-mathys.ch\/wp-content\/uploads\/2021\/12\/homoepathie.jpg","contentUrl":"https:\/\/limousin-zucht-mathys.ch\/wp-content\/uploads\/2021\/12\/homoepathie.jpg","width":720,"height":421},{"@type":"BreadcrumbList","@id":"https:\/\/limousin-zucht-mathys.ch\/?page_id=264#breadcrumb","itemListElement":[{"@type":"ListItem","position":1,"name":"Startseite","item":"https:\/\/limousin-zucht-mathys.ch\/"},{"@type":"ListItem","position":2,"name":"Hom\u00f6opathie"}]},{"@type":"WebSite","@id":"https:\/\/limousin-zucht-mathys.ch\/#website","url":"https:\/\/limousin-zucht-mathys.ch\/","name":"Limousin Zucht Mathys","description":"","potentialAction":[{"@type":"SearchAction","target":{"@type":"EntryPoint","urlTemplate":"https:\/\/limousin-zucht-mathys.ch\/?s={search_term_string}"},"query-input":{"@type":"PropertyValueSpecification","valueRequired":true,"valueName":"search_term_string"}}],"inLanguage":"de-CH"}]}},"_links":{"self":[{"href":"https:\/\/limousin-zucht-mathys.ch\/index.php?rest_route=\/wp\/v2\/pages\/264","targetHints":{"allow":["GET"]}}],"collection":[{"href":"https:\/\/limousin-zucht-mathys.ch\/index.php?rest_route=\/wp\/v2\/pages"}],"about":[{"href":"https:\/\/limousin-zucht-mathys.ch\/index.php?rest_route=\/wp\/v2\/types\/page"}],"author":[{"embeddable":true,"href":"https:\/\/limousin-zucht-mathys.ch\/index.php?rest_route=\/wp\/v2\/users\/1"}],"replies":[{"embeddable":true,"href":"https:\/\/limousin-zucht-mathys.ch\/index.php?rest_route=%2Fwp%2Fv2%2Fcomments&post=264"}],"version-history":[{"count":44,"href":"https:\/\/limousin-zucht-mathys.ch\/index.php?rest_route=\/wp\/v2\/pages\/264\/revisions"}],"predecessor-version":[{"id":679,"href":"https:\/\/limousin-zucht-mathys.ch\/index.php?rest_route=\/wp\/v2\/pages\/264\/revisions\/679"}],"wp:attachment":[{"href":"https:\/\/limousin-zucht-mathys.ch\/index.php?rest_route=%2Fwp%2Fv2%2Fmedia&parent=264"}],"curies":[{"name":"wp","href":"https:\/\/api.w.org\/{rel}","templated":true}]}}